{"id":649,"date":"2025-03-18T10:31:51","date_gmt":"2025-03-18T13:31:51","guid":{"rendered":"https:\/\/ultimossocorros.com.br\/?page_id=649"},"modified":"2026-04-27T09:24:12","modified_gmt":"2026-04-27T12:24:12","slug":"calendario-formacoes","status":"publish","type":"page","link":"https:\/\/ultimossocorros.com.br\/index.php\/calendario-formacoes\/","title":{"rendered":"Calend\u00e1rio Forma\u00e7\u00f5es"},"content":{"rendered":"\n<p class=\"has-text-color\" style=\"color:#f60921;font-size:45px;font-style:normal;font-weight:700\"><strong>Forma\u00e7\u00e3o para Ser Facilitador(a)<\/strong><\/p>\n\n\n\n<p class=\"has-text-color\" style=\"color:#f60921;font-size:45px;font-style:normal;font-weight:700\"><strong>(s\u00f3 para Paliativistas)<\/strong><\/p>\n\n\n\n<div class=\"wp-block-group\"><div class=\"wp-block-group__inner-container is-layout-constrained wp-block-group-is-layout-constrained\">\n<div style=\"height:24px\" aria-hidden=\"true\" class=\"wp-block-spacer\"><\/div>\n\n\n\n<p class=\"has-accent-1-color has-text-color has-larger-font-size\"><strong>\u25cf <strong>S\u00e1bado, 16 de maio 2026 09-17 h Itabuna \/ BA<\/strong><\/strong> *<\/p>\n\n\n\n<p><a href=\"https:\/\/ultimossocorros.wispform.com\/a02a47c8\" target=\"_blank\" rel=\"noreferrer noopener\">https:\/\/ultimossocorros.wispform.com\/a02a47c8<\/a><\/p>\n\n\n\n<p class=\"has-accent-1-color has-text-color has-larger-font-size\"><strong>\u25cf <strong>S\u00e1bado, 23 de maio 2026    09-17 h Marab\u00e1 \/ PA<\/strong><\/strong> *<\/p>\n\n\n\n<p><a href=\"https:\/\/ultimossocorros.wispform.com\/9794bb0b\" target=\"_blank\" rel=\"noreferrer noopener\">https:\/\/ultimossocorros.wispform.com\/9794bb0b<\/a><\/p>\n\n\n\n<p class=\"has-accent-1-color has-text-color has-larger-font-size\"><strong>\u25cf <strong>S\u00e1bado, 20 de junho 2026    09-17 h S\u00e3o Paulo \/ SP<\/strong><\/strong> *<\/p>\n\n\n\n<p><a href=\"https:\/\/ultimossocorros.wispform.com\/0131ed75\" target=\"_blank\" rel=\"noreferrer noopener\">https:\/\/ultimossocorros.wispform.com\/0131ed75<\/a><\/p>\n\n\n\n<p class=\"has-accent-1-color has-text-color has-larger-font-size\"><strong>\u25cf <strong>S\u00e1bado, 27 de junho 2026  09-17 h Blumenau \/ SC<\/strong><\/strong> *<\/p>\n\n\n\n<p><a href=\"https:\/\/ultimossocorros.wispform.com\/f2520c4a\" target=\"_blank\" rel=\"noreferrer noopener\">hthttps:\/\/ultimossocorros.wispform.com\/f2520c4a<\/a><\/p>\n\n\n\n<p class=\"has-accent-1-color has-text-color has-larger-font-size\"><strong>\u25cf <strong>S\u00e1bado, 01 de agosto 2026    09-17 h S\u00e3o Carlos \/ SP<\/strong><\/strong> *<\/p>\n\n\n\n<p><a href=\"https:\/\/ultimossocorros.wispform.com\/8d5d1070\" target=\"_blank\" rel=\"noreferrer noopener\">https:\/\/ultimossocorros.wispform.com\/8d5d1070<\/a><\/p>\n\n\n\n<p class=\"has-accent-1-color has-text-color has-larger-font-size\"><strong>\u25cf <strong>S\u00e1bado, 15 de agosto 2026 09-17 h Rio de Janeiro \/ RJ<\/strong><\/strong> *<\/p>\n\n\n\n<p><a href=\"https:\/\/ultimossocorros.wispform.com\/3d1f9a55\" target=\"_blank\" rel=\"noreferrer noopener\">https:\/\/ultimossocorros.wispform.com\/3d1f9a55<\/a><\/p>\n\n\n\n<div style=\"height:20px\" aria-hidden=\"true\" class=\"wp-block-spacer\"><\/div>\n\n\n\n<p> *sujeito a n\u00famero m\u00ednimo de participantes<\/p>\n\n\n\n<div style=\"height:40px\" aria-hidden=\"true\" class=\"wp-block-spacer\"><\/div>\n\n\n\n<p class=\"has-accent-1-color has-text-color has-larger-font-size\"><strong>Ou entre em contato conosco para organizar uma forma\u00e7\u00e3o na sua cidade ou institui\u00e7\u00e3o <\/strong><\/p>\n\n\n\n<div style=\"height:30px\" aria-hidden=\"true\" class=\"wp-block-spacer\"><\/div>\n\n\n\n<p class=\"has-accent-1-color has-text-color has-larger-font-size\"><strong>Se tiver interesse e a sua cidade n\u00e3o estiver na lista, por favor preencha o formul\u00e1rio abaixo que entraremos em contato quando houver um curso em sua regi\u00e3o. <\/strong><\/p>\n\n\n<div class=\"wpforms-container wpforms-container-full wpforms-block wpforms-block-9b45ecca-506a-4f1c-a16f-11d0fded1a6a\" id=\"wpforms-812\"><form id=\"wpforms-form-812\" class=\"wpforms-validate wpforms-form wpforms-ajax-form\" data-formid=\"812\" method=\"post\" enctype=\"multipart\/form-data\" action=\"\/index.php\/wp-json\/wp\/v2\/pages\/649\" data-token=\"5474a6125921c373e0443c6c7af59fbc\" data-token-time=\"1777477637\"><noscript class=\"wpforms-error-noscript\">Ative o JavaScript no seu navegador para preencher este formul\u00e1rio.<\/noscript><div class=\"wpforms-field-container\"><div id=\"wpforms-812-field_1-container\" class=\"wpforms-field wpforms-field-text\" data-field-id=\"1\"><label class=\"wpforms-field-label\" for=\"wpforms-812-field_1\">Nome <span class=\"wpforms-required-label\">*<\/span><\/label><input type=\"text\" id=\"wpforms-812-field_1\" class=\"wpforms-field-medium wpforms-field-required\" name=\"wpforms[fields][1]\" required><\/div><div id=\"wpforms-812-field_2-container\" class=\"wpforms-field wpforms-field-text\" data-field-id=\"2\"><label class=\"wpforms-field-label\" for=\"wpforms-812-field_2\">Cidade(s) onde mora e onde poderia participar de uma forma\u00e7\u00e3o <span class=\"wpforms-required-label\">*<\/span><\/label><input type=\"text\" id=\"wpforms-812-field_2\" class=\"wpforms-field-medium wpforms-field-required\" name=\"wpforms[fields][2]\" required><\/div><div id=\"wpforms-812-field_3-container\" class=\"wpforms-field wpforms-field-email\" data-field-id=\"3\"><label class=\"wpforms-field-label\" for=\"wpforms-812-field_3\">E-mail <span class=\"wpforms-required-label\">*<\/span><\/label><input type=\"email\" id=\"wpforms-812-field_3\" class=\"wpforms-field-medium wpforms-field-required\" name=\"wpforms[fields][3]\" spellcheck=\"false\" required><\/div><div id=\"wpforms-812-field_7-container\" class=\"wpforms-field wpforms-field-text\" data-field-id=\"7\"><label class=\"wpforms-field-label\" for=\"wpforms-812-field_7\">Telefone para Contato <span class=\"wpforms-required-label\">*<\/span><\/label><input type=\"text\" id=\"wpforms-812-field_7\" class=\"wpforms-field-medium wpforms-field-required\" name=\"wpforms[fields][7]\" required><\/div><div id=\"wpforms-812-field_6-container\" class=\"wpforms-field wpforms-field-text\" data-field-id=\"6\"><label class=\"wpforms-field-label\" for=\"wpforms-812-field_6\">Coment\u00e1rio<\/label><input type=\"text\" id=\"wpforms-812-field_6\" class=\"wpforms-field-medium\" name=\"wpforms[fields][6]\" ><\/div><\/div><!-- .wpforms-field-container --><div class=\"wpforms-submit-container\" ><input type=\"hidden\" name=\"wpforms[id]\" value=\"812\"><input type=\"hidden\" name=\"page_title\" value=\"\"><input type=\"hidden\" name=\"page_url\" value=\"https:\/\/ultimossocorros.com.br\/index.php\/wp-json\/wp\/v2\/pages\/649\"><input type=\"hidden\" name=\"url_referer\" value=\"\"><button type=\"submit\" name=\"wpforms[submit]\" id=\"wpforms-submit-812\" class=\"wpforms-submit\" data-alt-text=\"Enviando...\" data-submit-text=\"Enviar\" aria-live=\"assertive\" value=\"wpforms-submit\">Enviar<\/button><img loading=\"lazy\" decoding=\"async\" src=\"https:\/\/ultimossocorros.com.br\/wp-content\/plugins\/wpforms-lite\/assets\/images\/submit-spin.svg\" class=\"wpforms-submit-spinner\" style=\"display: none;\" width=\"26\" height=\"26\" alt=\"Carregando\"><\/div><\/form><\/div>  <!-- .wpforms-container -->\n\n\n<div style=\"height:37px\" aria-hidden=\"true\" class=\"wp-block-spacer\"><\/div>\n\n\n\n<p class=\"has-accent-2-color has-text-color has-larger-font-size\"><strong>Pr\u00e9-Requisitos<\/strong><\/p>\n\n\n\n<div class=\"wp-block-group\"><div class=\"wp-block-group__inner-container is-layout-constrained wp-block-group-is-layout-constrained\">\n<p class=\"has-accent-1-color has-text-color has-larger-font-size\"><strong>\u25cf <strong><strong><strong><strong><strong><strong>Ter algum tipo de forma\u00e7\u00e3o e tamb\u00e9m viv\u00eancia em Cuidados Paliativos<\/strong><\/strong><\/strong><\/strong><\/strong><\/strong><\/strong><\/p>\n\n\n\n<p class=\"has-accent-1-color has-text-color has-larger-font-size\"><strong>\u25cf <strong><strong><strong>Querer difundir conceitos b\u00e1sicos de Cuidados Paliativos para toda a popula\u00e7\u00e3o<\/strong><\/strong><\/strong><\/strong><\/p>\n\n\n\n<p class=\"has-accent-1-color has-text-color has-larger-font-size\"><strong>\u25cf <strong><strong><strong><strong>Ter disponibilidade de tempo para oferecer cursos<\/strong><\/strong><\/strong><\/strong><\/strong><\/p>\n\n\n\n<p class=\"has-accent-1-color has-text-color has-larger-font-size\"><strong>\u25cf <strong><strong><strong><strong><strong><strong>Gostar (e preferencialmente ter experi\u00eancia) de dar forma\u00e7\u00f5es para o p\u00fablico adulto<\/strong><\/strong><\/strong><\/strong><\/strong><\/strong><\/strong><\/p>\n\n\n\n<p class=\"has-accent-1-color has-text-color has-larger-font-size\"><strong>\u25cf <strong><strong><strong><strong><strong><strong><strong><strong>Se comprometer com as regras do Last Aid<strong>\u00ae<\/strong> Movement<\/strong><\/strong><\/strong><\/strong><\/strong><\/strong><\/strong><\/strong><\/strong><\/p>\n\n\n\n<div style=\"height:100px\" aria-hidden=\"true\" class=\"wp-block-spacer\"><\/div>\n\n\n\n<p class=\"has-accent-2-color has-text-color has-larger-font-size\"><strong>Ficou Interessado?<\/strong><\/p>\n\n\n\n<p class=\"has-accent-1-color has-text-color has-larger-font-size\"><strong>Entre em contato para mais detalhes.<\/strong><\/p>\n\n\n\n<p class=\"has-accent-1-color has-text-color has-larger-font-size\"><a href=\"https:\/\/api.whatsapp.com\/send\/?phone=5511941772252&amp;text&amp;type=phone_number&amp;app_absent=0\" target=\"_blank\" rel=\"noreferrer noopener\"><strong>Whatsapp<\/strong><\/a><\/p>\n\n\n\n<p class=\"has-accent-1-color has-text-color has-larger-font-size\"><strong><a href=\"mailto:contato@ultimossocorros.com.br\" target=\"_blank\" rel=\"noreferrer noopener\">contato@ultimossocorros.com.br<\/a><\/strong><\/p>\n\n\n\n<p><\/p>\n\n\n\n<p><\/p>\n\n\n\n<p><\/p>\n<\/div><\/div>\n<\/div><\/div>\n","protected":false},"excerpt":{"rendered":"<p>Forma\u00e7\u00e3o para Ser Facilitador(a) (s\u00f3 para Paliativistas) \u25cf S\u00e1bado, 16 de maio 2026 09-17 h Itabuna \/ &hellip;<\/p>\n","protected":false},"author":1,"featured_media":0,"parent":0,"menu_order":0,"comment_status":"closed","ping_status":"closed","template":"","meta":{"_monsterinsights_skip_tracking":false,"_monsterinsights_sitenote_active":false,"_monsterinsights_sitenote_note":"","_monsterinsights_sitenote_category":0,"footnotes":""},"class_list":["post-649","page","type-page","status-publish","hentry"],"_links":{"self":[{"href":"https:\/\/ultimossocorros.com.br\/index.php\/wp-json\/wp\/v2\/pages\/649","targetHints":{"allow":["GET"]}}],"collection":[{"href":"https:\/\/ultimossocorros.com.br\/index.php\/wp-json\/wp\/v2\/pages"}],"about":[{"href":"https:\/\/ultimossocorros.com.br\/index.php\/wp-json\/wp\/v2\/types\/page"}],"author":[{"embeddable":true,"href":"https:\/\/ultimossocorros.com.br\/index.php\/wp-json\/wp\/v2\/users\/1"}],"replies":[{"embeddable":true,"href":"https:\/\/ultimossocorros.com.br\/index.php\/wp-json\/wp\/v2\/comments?post=649"}],"version-history":[{"count":42,"href":"https:\/\/ultimossocorros.com.br\/index.php\/wp-json\/wp\/v2\/pages\/649\/revisions"}],"predecessor-version":[{"id":887,"href":"https:\/\/ultimossocorros.com.br\/index.php\/wp-json\/wp\/v2\/pages\/649\/revisions\/887"}],"wp:attachment":[{"href":"https:\/\/ultimossocorros.com.br\/index.php\/wp-json\/wp\/v2\/media?parent=649"}],"curies":[{"name":"wp","href":"https:\/\/api.w.org\/{rel}","templated":true}]}}